{"id":227,"date":"2018-09-07T09:04:44","date_gmt":"2018-09-07T07:04:44","guid":{"rendered":"http:\/\/93.104.210.241\/?page_id=227"},"modified":"2018-09-07T09:04:44","modified_gmt":"2018-09-07T07:04:44","slug":"http-93-104-210-241-index-php-dalsi","status":"publish","type":"page","link":"https:\/\/lpdweb.cz\/?page_id=227","title":{"rendered":"http:\/\/93.104.210.241\/index.php\/dalsi\/#"},"content":{"rendered":"","protected":false},"excerpt":{"rendered":"","protected":false},"author":1,"featured_media":0,"parent":0,"menu_order":0,"comment_status":"closed","ping_status":"closed","template":"","meta":{"footnotes":""},"class_list":["post-227","page","type-page","status-publish","hentry"],"yoast_head":"<!-- This site is optimized with the Yoast SEO plugin v20.1 - https:\/\/yoast.com\/wordpress\/plugins\/seo\/ -->\n<title>http:\/\/93.104.210.241\/index.php\/dalsi\/# - LP Dvoracek<\/title>\n<meta name=\"robots\" content=\"index, follow, max-snippet:-1, max-image-preview:large, max-video-preview:-1\" \/>\n<link rel=\"canonical\" href=\"https:\/\/lpdweb.cz\/?page_id=227\" \/>\n<meta property=\"og:locale\" content=\"cs_CZ\" \/>\n<meta property=\"og:type\" content=\"article\" \/>\n<meta property=\"og:title\" content=\"http:\/\/93.104.210.241\/index.php\/dalsi\/# - LP Dvoracek\" \/>\n<meta property=\"og:url\" content=\"https:\/\/lpdweb.cz\/?page_id=227\" \/>\n<meta property=\"og:site_name\" content=\"LP Dvoracek\" \/>\n<meta name=\"twitter:card\" content=\"summary_large_image\" \/>\n<script type=\"application\/ld+json\" class=\"yoast-schema-graph\">{\"@context\":\"https:\/\/schema.org\",\"@graph\":[{\"@type\":\"WebPage\",\"@id\":\"https:\/\/lpdweb.cz\/?page_id=227\",\"url\":\"https:\/\/lpdweb.cz\/?page_id=227\",\"name\":\"http:\/\/93.104.210.241\/index.php\/dalsi\/# - LP Dvoracek\",\"isPartOf\":{\"@id\":\"https:\/\/lpdweb.cz\/#website\"},\"datePublished\":\"2018-09-07T07:04:44+00:00\",\"dateModified\":\"2018-09-07T07:04:44+00:00\",\"breadcrumb\":{\"@id\":\"https:\/\/lpdweb.cz\/?page_id=227#breadcrumb\"},\"inLanguage\":\"cs\",\"potentialAction\":[{\"@type\":\"ReadAction\",\"target\":[\"https:\/\/lpdweb.cz\/?page_id=227\"]}]},{\"@type\":\"BreadcrumbList\",\"@id\":\"https:\/\/lpdweb.cz\/?page_id=227#breadcrumb\",\"itemListElement\":[{\"@type\":\"ListItem\",\"position\":1,\"name\":\"Dom\u016f\",\"item\":\"https:\/\/lpdweb.cz\/\"},{\"@type\":\"ListItem\",\"position\":2,\"name\":\"http:\/\/93.104.210.241\/index.php\/dalsi\/#\"}]},{\"@type\":\"WebSite\",\"@id\":\"https:\/\/lpdweb.cz\/#website\",\"url\":\"https:\/\/lpdweb.cz\/\",\"name\":\"LP Dvoracek\",\"description\":\"Inteligentn\u00ed elektroinstalace a zabezpe\u010den\u00ed\",\"publisher\":{\"@id\":\"https:\/\/lpdweb.cz\/#organization\"},\"potentialAction\":[{\"@type\":\"SearchAction\",\"target\":{\"@type\":\"EntryPoint\",\"urlTemplate\":\"https:\/\/lpdweb.cz\/?s={search_term_string}\"},\"query-input\":\"required name=search_term_string\"}],\"inLanguage\":\"cs\"},{\"@type\":\"Organization\",\"@id\":\"https:\/\/lpdweb.cz\/#organization\",\"name\":\"LP Dvoracek\",\"url\":\"https:\/\/lpdweb.cz\/\",\"logo\":{\"@type\":\"ImageObject\",\"inLanguage\":\"cs\",\"@id\":\"https:\/\/lpdweb.cz\/#\/schema\/logo\/image\/\",\"url\":\"https:\/\/lpdweb.cz\/wp-content\/uploads\/2018\/08\/cropped-LP-LOGO-FB-2.jpg\",\"contentUrl\":\"https:\/\/lpdweb.cz\/wp-content\/uploads\/2018\/08\/cropped-LP-LOGO-FB-2.jpg\",\"width\":1200,\"height\":289,\"caption\":\"LP Dvoracek\"},\"image\":{\"@id\":\"https:\/\/lpdweb.cz\/#\/schema\/logo\/image\/\"}}]}<\/script>\n<!-- \/ Yoast SEO plugin. -->","yoast_head_json":{"title":"http:\/\/93.104.210.241\/index.php\/dalsi\/# - LP Dvoracek","robots":{"index":"index","follow":"follow","max-snippet":"max-snippet:-1","max-image-preview":"max-image-preview:large","max-video-preview":"max-video-preview:-1"},"canonical":"https:\/\/lpdweb.cz\/?page_id=227","og_locale":"cs_CZ","og_type":"article","og_title":"http:\/\/93.104.210.241\/index.php\/dalsi\/# - LP Dvoracek","og_url":"https:\/\/lpdweb.cz\/?page_id=227","og_site_name":"LP Dvoracek","twitter_card":"summary_large_image","schema":{"@context":"https:\/\/schema.org","@graph":[{"@type":"WebPage","@id":"https:\/\/lpdweb.cz\/?page_id=227","url":"https:\/\/lpdweb.cz\/?page_id=227","name":"http:\/\/93.104.210.241\/index.php\/dalsi\/# - LP Dvoracek","isPartOf":{"@id":"https:\/\/lpdweb.cz\/#website"},"datePublished":"2018-09-07T07:04:44+00:00","dateModified":"2018-09-07T07:04:44+00:00","breadcrumb":{"@id":"https:\/\/lpdweb.cz\/?page_id=227#breadcrumb"},"inLanguage":"cs","potentialAction":[{"@type":"ReadAction","target":["https:\/\/lpdweb.cz\/?page_id=227"]}]},{"@type":"BreadcrumbList","@id":"https:\/\/lpdweb.cz\/?page_id=227#breadcrumb","itemListElement":[{"@type":"ListItem","position":1,"name":"Dom\u016f","item":"https:\/\/lpdweb.cz\/"},{"@type":"ListItem","position":2,"name":"http:\/\/93.104.210.241\/index.php\/dalsi\/#"}]},{"@type":"WebSite","@id":"https:\/\/lpdweb.cz\/#website","url":"https:\/\/lpdweb.cz\/","name":"LP Dvoracek","description":"Inteligentn\u00ed elektroinstalace a zabezpe\u010den\u00ed","publisher":{"@id":"https:\/\/lpdweb.cz\/#organization"},"potentialAction":[{"@type":"SearchAction","target":{"@type":"EntryPoint","urlTemplate":"https:\/\/lpdweb.cz\/?s={search_term_string}"},"query-input":"required name=search_term_string"}],"inLanguage":"cs"},{"@type":"Organization","@id":"https:\/\/lpdweb.cz\/#organization","name":"LP Dvoracek","url":"https:\/\/lpdweb.cz\/","logo":{"@type":"ImageObject","inLanguage":"cs","@id":"https:\/\/lpdweb.cz\/#\/schema\/logo\/image\/","url":"https:\/\/lpdweb.cz\/wp-content\/uploads\/2018\/08\/cropped-LP-LOGO-FB-2.jpg","contentUrl":"https:\/\/lpdweb.cz\/wp-content\/uploads\/2018\/08\/cropped-LP-LOGO-FB-2.jpg","width":1200,"height":289,"caption":"LP Dvoracek"},"image":{"@id":"https:\/\/lpdweb.cz\/#\/schema\/logo\/image\/"}}]}},"_links":{"self":[{"href":"https:\/\/lpdweb.cz\/index.php?rest_route=\/wp\/v2\/pages\/227","targetHints":{"allow":["GET"]}}],"collection":[{"href":"https:\/\/lpdweb.cz\/index.php?rest_route=\/wp\/v2\/pages"}],"about":[{"href":"https:\/\/lpdweb.cz\/index.php?rest_route=\/wp\/v2\/types\/page"}],"author":[{"embeddable":true,"href":"https:\/\/lpdweb.cz\/index.php?rest_route=\/wp\/v2\/users\/1"}],"replies":[{"embeddable":true,"href":"https:\/\/lpdweb.cz\/index.php?rest_route=%2Fwp%2Fv2%2Fcomments&post=227"}],"version-history":[{"count":1,"href":"https:\/\/lpdweb.cz\/index.php?rest_route=\/wp\/v2\/pages\/227\/revisions"}],"predecessor-version":[{"id":229,"href":"https:\/\/lpdweb.cz\/index.php?rest_route=\/wp\/v2\/pages\/227\/revisions\/229"}],"wp:attachment":[{"href":"https:\/\/lpdweb.cz\/index.php?rest_route=%2Fwp%2Fv2%2Fmedia&parent=227"}],"curies":[{"name":"wp","href":"https:\/\/api.w.org\/{rel}","templated":true}]}}